{"id":391,"date":"2024-12-07T10:17:26","date_gmt":"2024-12-07T09:17:26","guid":{"rendered":"https:\/\/dev.adfr.it\/dimarco\/?page_id=391"},"modified":"2025-04-09T18:31:22","modified_gmt":"2025-04-09T16:31:22","slug":"die-produkte","status":"publish","type":"page","link":"https:\/\/www.dimarco.it\/de\/die-produkte","title":{"rendered":"Die Produkte"},"content":{"rendered":"<div data-elementor-type=\"wp-page\" data-elementor-id=\"391\" class=\"elementor elementor-391\" data-elementor-post-type=\"page\">\n\t\t\t\t<div class=\"elementor-element elementor-element-7409d2f4 e-con-full e-flex e-con e-parent\" data-id=\"7409d2f4\" data-element_type=\"container\" data-e-type=\"container\" data-settings=\"{&quot;background_background&quot;:&quot;classic&quot;,&quot;jet_parallax_layout_list&quot;:[]}\">\n\t\t<div class=\"elementor-element elementor-element-27fe80b e-con-full e-flex e-con e-child\" data-id=\"27fe80b\" data-element_type=\"container\" data-e-type=\"container\" data-settings=\"{&quot;jet_parallax_layout_list&quot;:[]}\">\n\t\t\t\t<div class=\"elementor-element elementor-element-a452cc8 elementor-widget elementor-widget-image\" data-id=\"a452cc8\" data-element_type=\"widget\" data-e-type=\"widget\" data-widget_type=\"image.default\">\n\t\t\t\t\t\t\t\t\t\t\t\t\t\t\t<img decoding=\"async\" width=\"100\" height=\"100\" src=\"https:\/\/www.dimarco.it\/wp-content\/uploads\/2024\/12\/dimarco-professional-v3.svg\" class=\"attachment-large size-large wp-image-435\" alt=\"\" \/>\t\t\t\t\t\t\t\t\t\t\t\t\t\t\t<\/div>\n\t\t\t\t<\/div>\n\t\t\t\t<div class=\"elementor-element elementor-element-ad7b2a2 elementor-widget elementor-widget-spacer\" data-id=\"ad7b2a2\" data-element_type=\"widget\" data-e-type=\"widget\" data-widget_type=\"spacer.default\">\n\t\t\t\t\t\t\t<div class=\"elementor-spacer\">\n\t\t\t<div class=\"elementor-spacer-inner\"><\/div>\n\t\t<\/div>\n\t\t\t\t\t\t<\/div>\n\t\t<div class=\"elementor-element elementor-element-6ef9c0b1 e-con-full e-flex e-con e-child\" data-id=\"6ef9c0b1\" data-element_type=\"container\" data-e-type=\"container\" data-settings=\"{&quot;jet_parallax_layout_list&quot;:[]}\">\n\t\t<div class=\"elementor-element elementor-element-31c6755e e-con-full animated-slow e-flex elementor-invisible e-con e-child\" data-id=\"31c6755e\" data-element_type=\"container\" data-e-type=\"container\" data-settings=\"{&quot;background_background&quot;:&quot;classic&quot;,&quot;animation&quot;:&quot;fadeInLeft&quot;,&quot;jet_parallax_layout_list&quot;:[],&quot;animation_mobile&quot;:&quot;none&quot;}\">\n\t\t<div class=\"elementor-element elementor-element-4016c19b e-con-full e-flex e-con e-child\" data-id=\"4016c19b\" data-element_type=\"container\" data-e-type=\"container\" data-settings=\"{&quot;jet_parallax_layout_list&quot;:[]}\">\n\t\t\t\t<div class=\"elementor-element elementor-element-266d74b0 animated-slow elementor-invisible elementor-widget elementor-widget-image\" data-id=\"266d74b0\" data-element_type=\"widget\" data-e-type=\"widget\" data-settings=\"{&quot;_animation&quot;:&quot;fadeInLeft&quot;}\" data-widget_type=\"image.default\">\n\t\t\t\t\t\t\t\t\t\t\t\t\t\t\t<img fetchpriority=\"high\" decoding=\"async\" width=\"800\" height=\"545\" src=\"https:\/\/www.dimarco.it\/wp-content\/uploads\/2024\/09\/farina-1024x698.png\" class=\"attachment-large size-large wp-image-131\" alt=\"\" srcset=\"https:\/\/www.dimarco.it\/wp-content\/uploads\/2024\/09\/farina-1024x698.png 1024w, https:\/\/www.dimarco.it\/wp-content\/uploads\/2024\/09\/farina-300x204.png 300w, https:\/\/www.dimarco.it\/wp-content\/uploads\/2024\/09\/farina-768x523.png 768w, https:\/\/www.dimarco.it\/wp-content\/uploads\/2024\/09\/farina.png 1500w\" sizes=\"(max-width: 800px) 100vw, 800px\" \/>\t\t\t\t\t\t\t\t\t\t\t\t\t\t\t<\/div>\n\t\t\t\t<\/div>\n\t\t<div class=\"elementor-element elementor-element-5f7ef2f5 e-con-full e-flex e-con e-child\" data-id=\"5f7ef2f5\" data-element_type=\"container\" data-e-type=\"container\" data-settings=\"{&quot;jet_parallax_layout_list&quot;:[]}\">\n\t\t\t\t<div class=\"elementor-element elementor-element-42c085a elementor-widget elementor-widget-heading\" data-id=\"42c085a\" data-element_type=\"widget\" data-e-type=\"widget\" data-widget_type=\"heading.default\">\n\t\t\t\t\t<h4 class=\"elementor-heading-title elementor-size-default\">MEHLSORTEN<\/h4>\t\t\t\t<\/div>\n\t\t\t\t<div class=\"elementor-element elementor-element-136ccedc elementor-widget elementor-widget-text-editor\" data-id=\"136ccedc\" data-element_type=\"widget\" data-e-type=\"widget\" data-widget_type=\"text-editor.default\">\n\t\t\t\t\t\t\t\t\t<p class=\"translation-block\">F\u00fcr all jene, die Wert auf Bel\u00e4ge <br>\nund einen schnellen, effizienten Service legen.<\/p>\t\t\t\t\t\t\t\t<\/div>\n\t\t\t\t<div class=\"elementor-element elementor-element-58e45127 elementor-widget elementor-widget-image\" data-id=\"58e45127\" data-element_type=\"widget\" data-e-type=\"widget\" data-widget_type=\"image.default\">\n\t\t\t\t\t\t\t\t\t\t\t\t\t\t\t\t<a href=\"https:\/\/www.dimarco.it\/de\/die-produkte\/die-mehle\">\n\t\t\t\t\t\t\t<img decoding=\"async\" width=\"100\" height=\"100\" src=\"https:\/\/www.dimarco.it\/wp-content\/uploads\/2024\/09\/freccia-tonda-vuota-2.svg\" class=\"attachment-large size-large wp-image-132\" alt=\"\" \/>\t\t\t\t\t\t\t\t<\/a>\n\t\t\t\t\t\t\t\t\t\t\t\t\t\t\t<\/div>\n\t\t\t\t<\/div>\n\t\t\t\t<\/div>\n\t\t<div class=\"elementor-element elementor-element-75c7800 e-con-full e-flex e-con e-child\" data-id=\"75c7800\" data-element_type=\"container\" data-e-type=\"container\" data-settings=\"{&quot;jet_parallax_layout_list&quot;:[]}\">\n\t\t\t\t<div class=\"elementor-element elementor-element-158da1bf elementor-widget elementor-widget-heading\" data-id=\"158da1bf\" data-element_type=\"widget\" data-e-type=\"widget\" data-widget_type=\"heading.default\">\n\t\t\t\t\t<h3 class=\"elementor-heading-title elementor-size-default translation-block\"><span class=\"dimarco-blu\">Haben Sie eine Pizzeria,<\/span><br> Pinseria oder ein Restaurant?<\/h3>\t\t\t\t<\/div>\n\t\t\t\t<div class=\"elementor-element elementor-element-7de02e44 elementor-widget elementor-widget-text-editor\" data-id=\"7de02e44\" data-element_type=\"widget\" data-e-type=\"widget\" data-widget_type=\"text-editor.default\">\n\t\t\t\t\t\t\t\t\t<p>Wir haben das richtige Mehl f\u00fcr Sie!<\/p>\t\t\t\t\t\t\t\t<\/div>\n\t\t\t\t<\/div>\n\t\t\t\t<\/div>\n\t\t<div class=\"elementor-element elementor-element-1f87f9c9 e-con-full e-flex e-con e-child\" data-id=\"1f87f9c9\" data-element_type=\"container\" data-e-type=\"container\" data-settings=\"{&quot;jet_parallax_layout_list&quot;:[]}\">\n\t\t<div class=\"elementor-element elementor-element-640f7e52 e-con-full e-flex e-con e-child\" data-id=\"640f7e52\" data-element_type=\"container\" data-e-type=\"container\" data-settings=\"{&quot;jet_parallax_layout_list&quot;:[]}\">\n\t\t\t\t<div class=\"elementor-element elementor-element-357bd864 elementor-widget elementor-widget-heading\" data-id=\"357bd864\" data-element_type=\"widget\" data-e-type=\"widget\" data-widget_type=\"heading.default\">\n\t\t\t\t\t<h3 class=\"elementor-heading-title elementor-size-default\">Haben Sie ein Restaurant,<br><span class=\"dimarco-blu\">eine Imbissstube oder sind Sie im Street Food t\u00e4tig?\n\n <\/h3>\t\t\t\t<\/div>\n\t\t\t\t<div class=\"elementor-element elementor-element-4b81eb77 elementor-widget elementor-widget-text-editor\" data-id=\"4b81eb77\" data-element_type=\"widget\" data-e-type=\"widget\" data-widget_type=\"text-editor.default\">\n\t\t\t\t\t\t\t\t\t<p>Wir haben den richtigen Pinsaboden f\u00fcr Sie!<\/p>\t\t\t\t\t\t\t\t<\/div>\n\t\t\t\t<\/div>\n\t\t<div class=\"elementor-element elementor-element-342cece8 e-con-full animated-slow e-flex elementor-invisible e-con e-child\" data-id=\"342cece8\" data-element_type=\"container\" data-e-type=\"container\" data-settings=\"{&quot;background_background&quot;:&quot;classic&quot;,&quot;animation&quot;:&quot;fadeInRight&quot;,&quot;jet_parallax_layout_list&quot;:[],&quot;animation_mobile&quot;:&quot;none&quot;}\">\n\t\t<div class=\"elementor-element elementor-element-b8ad82d e-con-full e-flex e-con e-child\" data-id=\"b8ad82d\" data-element_type=\"container\" data-e-type=\"container\" data-settings=\"{&quot;jet_parallax_layout_list&quot;:[]}\">\n\t\t\t\t<div class=\"elementor-element elementor-element-7642fab9 elementor-widget elementor-widget-heading\" data-id=\"7642fab9\" data-element_type=\"widget\" data-e-type=\"widget\" data-widget_type=\"heading.default\">\n\t\t\t\t\t<h4 class=\"elementor-heading-title elementor-size-default\">PINSAB\u00d6DEN<\/h4>\t\t\t\t<\/div>\n\t\t\t\t<div class=\"elementor-element elementor-element-7280a293 elementor-widget elementor-widget-text-editor\" data-id=\"7280a293\" data-element_type=\"widget\" data-e-type=\"widget\" data-widget_type=\"text-editor.default\">\n\t\t\t\t\t\t\t\t\t<p class=\"translation-block\">F\u00fcr all jene, die Wert auf Bel\u00e4ge <br>\nund einen schnellen, effizienten Service legen.<\/p>\t\t\t\t\t\t\t\t<\/div>\n\t\t\t\t<div class=\"elementor-element elementor-element-2f6b84ae elementor-widget elementor-widget-image\" data-id=\"2f6b84ae\" data-element_type=\"widget\" data-e-type=\"widget\" data-widget_type=\"image.default\">\n\t\t\t\t\t\t\t\t\t\t\t\t\t\t\t\t<a href=\"https:\/\/www.dimarco.it\/de\/die-produkte\/die-grundlagen\">\n\t\t\t\t\t\t\t<img decoding=\"async\" width=\"100\" height=\"100\" src=\"https:\/\/www.dimarco.it\/wp-content\/uploads\/2024\/09\/freccia-tonda-vuota-2.svg\" class=\"attachment-large size-large wp-image-132\" alt=\"\" \/>\t\t\t\t\t\t\t\t<\/a>\n\t\t\t\t\t\t\t\t\t\t\t\t\t\t\t<\/div>\n\t\t\t\t<\/div>\n\t\t<div class=\"elementor-element elementor-element-3e3b93c0 e-con-full e-flex e-con e-child\" data-id=\"3e3b93c0\" data-element_type=\"container\" data-e-type=\"container\" data-settings=\"{&quot;jet_parallax_layout_list&quot;:[]}\">\n\t\t\t\t<div class=\"elementor-element elementor-element-7d25d73c elementor-widget elementor-widget-image\" data-id=\"7d25d73c\" data-element_type=\"widget\" data-e-type=\"widget\" data-widget_type=\"image.default\">\n\t\t\t\t\t\t\t\t\t\t\t\t\t\t\t<img loading=\"lazy\" decoding=\"async\" width=\"800\" height=\"480\" src=\"https:\/\/www.dimarco.it\/wp-content\/uploads\/2024\/09\/pinsa-nuda-1024x614.png\" class=\"attachment-large size-large wp-image-136\" alt=\"\" srcset=\"https:\/\/www.dimarco.it\/wp-content\/uploads\/2024\/09\/pinsa-nuda-1024x614.png 1024w, https:\/\/www.dimarco.it\/wp-content\/uploads\/2024\/09\/pinsa-nuda-300x180.png 300w, https:\/\/www.dimarco.it\/wp-content\/uploads\/2024\/09\/pinsa-nuda-768x461.png 768w, https:\/\/www.dimarco.it\/wp-content\/uploads\/2024\/09\/pinsa-nuda.png 1500w\" sizes=\"(max-width: 800px) 100vw, 800px\" \/>\t\t\t\t\t\t\t\t\t\t\t\t\t\t\t<\/div>\n\t\t\t\t<\/div>\n\t\t\t\t<\/div>\n\t\t\t\t<\/div>\n\t\t\t\t<\/div>\n\t\t<div class=\"elementor-element elementor-element-737e860 e-con-full e-flex e-con e-parent\" data-id=\"737e860\" data-element_type=\"container\" data-e-type=\"container\" data-settings=\"{&quot;jet_parallax_layout_list&quot;:[]}\">\n\t\t<div class=\"elementor-element elementor-element-95031c4 e-con-full e-flex e-con e-child\" data-id=\"95031c4\" data-element_type=\"container\" data-e-type=\"container\" data-settings=\"{&quot;background_background&quot;:&quot;classic&quot;,&quot;jet_parallax_layout_list&quot;:[]}\">\n\t\t\t\t<div class=\"elementor-element elementor-element-bb736a7 elementor-widget elementor-widget-shortcode\" data-id=\"bb736a7\" data-element_type=\"widget\" data-e-type=\"widget\" data-widget_type=\"shortcode.default\">\n\t\t\t\t\t\t\t<div class=\"elementor-shortcode\">    <div class=\"marquee-container\">\n        <div class=\"marquee\">\n                            <span>PINSA R\u00d6MISCHE PIZZA PIZZA IN EINER PFANNE PUCCIA SORRISO BEST\u00c4UBT MEHL F\u00dcR PINSA MEHL F\u00dcR PIZZA  <\/span>\n                            <span>PINSA R\u00d6MISCHE PIZZA PIZZA IN EINER PFANNE PUCCIA SORRISO BEST\u00c4UBT MEHL F\u00dcR PINSA MEHL F\u00dcR PIZZA  <\/span>\n                            <span>PINSA R\u00d6MISCHE PIZZA PIZZA IN EINER PFANNE PUCCIA SORRISO BEST\u00c4UBT MEHL F\u00dcR PINSA MEHL F\u00dcR PIZZA  <\/span>\n                            <span>PINSA R\u00d6MISCHE PIZZA PIZZA IN EINER PFANNE PUCCIA SORRISO BEST\u00c4UBT MEHL F\u00dcR PINSA MEHL F\u00dcR PIZZA  <\/span>\n                            <span>PINSA R\u00d6MISCHE PIZZA PIZZA IN EINER PFANNE PUCCIA SORRISO BEST\u00c4UBT MEHL F\u00dcR PINSA MEHL F\u00dcR PIZZA  <\/span>\n                            <span>PINSA R\u00d6MISCHE PIZZA PIZZA IN EINER PFANNE PUCCIA SORRISO BEST\u00c4UBT MEHL F\u00dcR PINSA MEHL F\u00dcR PIZZA  <\/span>\n                            <span>PINSA R\u00d6MISCHE PIZZA PIZZA IN EINER PFANNE PUCCIA SORRISO BEST\u00c4UBT MEHL F\u00dcR PINSA MEHL F\u00dcR PIZZA  <\/span>\n                            <span>PINSA R\u00d6MISCHE PIZZA PIZZA IN EINER PFANNE PUCCIA SORRISO BEST\u00c4UBT MEHL F\u00dcR PINSA MEHL F\u00dcR PIZZA  <\/span>\n                            <span>PINSA R\u00d6MISCHE PIZZA PIZZA IN EINER PFANNE PUCCIA SORRISO BEST\u00c4UBT MEHL F\u00dcR PINSA MEHL F\u00dcR PIZZA  <\/span>\n                            <span>PINSA R\u00d6MISCHE PIZZA PIZZA IN EINER PFANNE PUCCIA SORRISO BEST\u00c4UBT MEHL F\u00dcR PINSA MEHL F\u00dcR PIZZA  <\/span>\n                            <span>PINSA R\u00d6MISCHE PIZZA PIZZA IN EINER PFANNE PUCCIA SORRISO BEST\u00c4UBT MEHL F\u00dcR PINSA MEHL F\u00dcR PIZZA  <\/span>\n                            <span>PINSA R\u00d6MISCHE PIZZA PIZZA IN EINER PFANNE PUCCIA SORRISO BEST\u00c4UBT MEHL F\u00dcR PINSA MEHL F\u00dcR PIZZA  <\/span>\n                            <span>PINSA R\u00d6MISCHE PIZZA PIZZA IN EINER PFANNE PUCCIA SORRISO BEST\u00c4UBT MEHL F\u00dcR PINSA MEHL F\u00dcR PIZZA  <\/span>\n                            <span>PINSA R\u00d6MISCHE PIZZA PIZZA IN EINER PFANNE PUCCIA SORRISO BEST\u00c4UBT MEHL F\u00dcR PINSA MEHL F\u00dcR PIZZA  <\/span>\n                            <span>PINSA R\u00d6MISCHE PIZZA PIZZA IN EINER PFANNE PUCCIA SORRISO BEST\u00c4UBT MEHL F\u00dcR PINSA MEHL F\u00dcR PIZZA  <\/span>\n                            <span>PINSA R\u00d6MISCHE PIZZA PIZZA IN EINER PFANNE PUCCIA SORRISO BEST\u00c4UBT MEHL F\u00dcR PINSA MEHL F\u00dcR PIZZA  <\/span>\n                            <span>PINSA R\u00d6MISCHE PIZZA PIZZA IN EINER PFANNE PUCCIA SORRISO BEST\u00c4UBT MEHL F\u00dcR PINSA MEHL F\u00dcR PIZZA  <\/span>\n                            <span>PINSA R\u00d6MISCHE PIZZA PIZZA IN EINER PFANNE PUCCIA SORRISO BEST\u00c4UBT MEHL F\u00dcR PINSA MEHL F\u00dcR PIZZA  <\/span>\n                            <span>PINSA R\u00d6MISCHE PIZZA PIZZA IN EINER PFANNE PUCCIA SORRISO BEST\u00c4UBT MEHL F\u00dcR PINSA MEHL F\u00dcR PIZZA  <\/span>\n                            <span>PINSA R\u00d6MISCHE PIZZA PIZZA IN EINER PFANNE PUCCIA SORRISO BEST\u00c4UBT MEHL F\u00dcR PINSA MEHL F\u00dcR PIZZA  <\/span>\n                    <\/div>\n    <\/div>\n    <style>\n        .marquee-container {\n            width: 100%;\n            overflow: hidden;\n            white-space: nowrap;\n            box-sizing: border-box;\n        }\n\n        .marquee {\n            display: flex;\n            animation: scroll-left 10s linear infinite;\n        }\n\n        .marquee span {\n            flex-shrink: 0;\n            padding-right: 2rem;\n        }\n\n        @keyframes scroll-left {\n            0% {\n                transform: translateX(0);\n            }\n            100% {\n                transform: translateX(-100%);\n            }\n        }\n    <\/style>\n    <script>\n        document.addEventListener(\"DOMContentLoaded\", function() {\n            const marqueeElement = document.querySelector(\".marquee\");\n            const containerWidth = document.querySelector(\".marquee-container\").offsetWidth;\n            let contentWidth = 0;\n\n            \/\/ Riempie la riga inizialmente fino a coprire l'intero contenitore\n            while (contentWidth < containerWidth * 2) { \/\/ Riempiamo due volte la larghezza del contenitore per continuit\u00e0\n                const span = document.createElement(\"span\");\n                span.textContent = \"PINSA PIZZA ROMANA PIZZA IN TEGLIA PUCCIA SORRISO SPOLVERI FARINA PER PINSA FARINA PER PIZZA  \";\n                marqueeElement.appendChild(span);\n                contentWidth = marqueeElement.scrollWidth;\n            }\n        });\n    <\/script>\n    <\/div>\n\t\t\t\t\t\t<\/div>\n\t\t\t\t<\/div>\n\t\t\t\t<\/div>\n\t\t\t\t<\/div>","protected":false},"excerpt":{"rendered":"<p>MEHL F\u00fcr alle, die Wert auf Toppings und einen schnellen und effektiven Service legen. Sie betreiben eine Pizzeria, eine Pinseria oder ein Restaurant? Wir haben das richtige Mehl f\u00fcr Sie! Sie betreiben ein Restaurant, ein Diner oder bieten Streetfood an? Wir haben die richtige Pinsa-Basis f\u00fcr Sie! BASIS F\u00fcr alle, die Wert auf Toppings und einen schnellen und effektiven Service legen.<\/p>","protected":false},"author":1,"featured_media":0,"parent":0,"menu_order":0,"comment_status":"closed","ping_status":"closed","template":"","meta":{"footnotes":""},"class_list":["post-391","page","type-page","status-publish","hentry"],"yoast_head":"<!-- This site is optimized with the Yoast SEO plugin v26.8 - https:\/\/yoast.com\/product\/yoast-seo-wordpress\/ -->\n<title>I Prodotti - Di Marco<\/title>\n<meta name=\"robots\" content=\"index, follow, max-snippet:-1, max-image-preview:large, max-video-preview:-1\" \/>\n<link rel=\"canonical\" href=\"https:\/\/www.dimarco.it\/de\/die-produkte\" \/>\n<meta property=\"og:locale\" content=\"de_DE\" \/>\n<meta property=\"og:type\" content=\"article\" \/>\n<meta property=\"og:title\" content=\"I Prodotti - Di Marco\" \/>\n<meta property=\"og:description\" content=\"FARINE Per chi si concentra sui condimentie un servizio rapido ed efficace. Hai una pizzeria, una pinseria o un ristorante? Abbiamo la farina giusta per te! Hai un ristorante,una tavola calda o fai street food? Abbiamo la base Pinsa giusta per te! BASI Per chi si concentra sui condimentie un servizio rapido ed efficace.\" \/>\n<meta property=\"og:url\" content=\"https:\/\/www.dimarco.it\/de\/die-produkte\" \/>\n<meta property=\"og:site_name\" content=\"Di Marco\" \/>\n<meta property=\"article:modified_time\" content=\"2025-04-09T16:31:22+00:00\" \/>\n<meta property=\"og:image\" content=\"https:\/\/dimarco.it\/wp-content\/uploads\/2024\/12\/dimarco-professional-v3.svg\" \/>\n<meta name=\"twitter:card\" content=\"summary_large_image\" \/>\n<meta name=\"twitter:label1\" content=\"Gesch\u00e4tzte Lesezeit\" \/>\n\t<meta name=\"twitter:data1\" content=\"3\u00a0Minuten\" \/>\n<script type=\"application\/ld+json\" class=\"yoast-schema-graph\">{\"@context\":\"https:\/\/schema.org\",\"@graph\":[{\"@type\":\"WebPage\",\"@id\":\"https:\/\/www.dimarco.it\/i-prodotti\",\"url\":\"https:\/\/www.dimarco.it\/i-prodotti\",\"name\":\"I Prodotti - Di Marco\",\"isPartOf\":{\"@id\":\"https:\/\/www.dimarco.it\/#website\"},\"primaryImageOfPage\":{\"@id\":\"https:\/\/www.dimarco.it\/i-prodotti#primaryimage\"},\"image\":{\"@id\":\"https:\/\/www.dimarco.it\/i-prodotti#primaryimage\"},\"thumbnailUrl\":\"https:\/\/dimarco.it\/wp-content\/uploads\/2024\/12\/dimarco-professional-v3.svg\",\"datePublished\":\"2024-12-07T09:17:26+00:00\",\"dateModified\":\"2025-04-09T16:31:22+00:00\",\"breadcrumb\":{\"@id\":\"https:\/\/www.dimarco.it\/i-prodotti#breadcrumb\"},\"inLanguage\":\"de\",\"potentialAction\":[{\"@type\":\"ReadAction\",\"target\":[\"https:\/\/www.dimarco.it\/i-prodotti\"]}]},{\"@type\":\"ImageObject\",\"inLanguage\":\"de\",\"@id\":\"https:\/\/www.dimarco.it\/i-prodotti#primaryimage\",\"url\":\"https:\/\/dimarco.it\/wp-content\/uploads\/2024\/12\/dimarco-professional-v3.svg\",\"contentUrl\":\"https:\/\/dimarco.it\/wp-content\/uploads\/2024\/12\/dimarco-professional-v3.svg\"},{\"@type\":\"BreadcrumbList\",\"@id\":\"https:\/\/www.dimarco.it\/i-prodotti#breadcrumb\",\"itemListElement\":[{\"@type\":\"ListItem\",\"position\":1,\"name\":\"Home\",\"item\":\"https:\/\/www.dimarco.it\/\"},{\"@type\":\"ListItem\",\"position\":2,\"name\":\"I Prodotti\"}]},{\"@type\":\"WebSite\",\"@id\":\"https:\/\/www.dimarco.it\/#website\",\"url\":\"https:\/\/www.dimarco.it\/\",\"name\":\"Di Marco\",\"description\":\"\",\"publisher\":{\"@id\":\"https:\/\/www.dimarco.it\/#organization\"},\"potentialAction\":[{\"@type\":\"SearchAction\",\"target\":{\"@type\":\"EntryPoint\",\"urlTemplate\":\"https:\/\/www.dimarco.it\/?s={search_term_string}\"},\"query-input\":{\"@type\":\"PropertyValueSpecification\",\"valueRequired\":true,\"valueName\":\"search_term_string\"}}],\"inLanguage\":\"de\"},{\"@type\":\"Organization\",\"@id\":\"https:\/\/www.dimarco.it\/#organization\",\"name\":\"Di Marco\",\"url\":\"https:\/\/www.dimarco.it\/\",\"logo\":{\"@type\":\"ImageObject\",\"inLanguage\":\"de\",\"@id\":\"https:\/\/www.dimarco.it\/#\/schema\/logo\/image\/\",\"url\":\"https:\/\/www.dimarco.it\/wp-content\/uploads\/2024\/11\/DI-MARCO_LOGO_Corporate-2024Positivo.svg\",\"contentUrl\":\"https:\/\/www.dimarco.it\/wp-content\/uploads\/2024\/11\/DI-MARCO_LOGO_Corporate-2024Positivo.svg\",\"width\":338,\"height\":95,\"caption\":\"Di Marco\"},\"image\":{\"@id\":\"https:\/\/www.dimarco.it\/#\/schema\/logo\/image\/\"}}]}<\/script>\n<!-- \/ Yoast SEO plugin. -->","yoast_head_json":{"title":"Die Produkte - Di Marco","robots":{"index":"index","follow":"follow","max-snippet":"max-snippet:-1","max-image-preview":"max-image-preview:large","max-video-preview":"max-video-preview:-1"},"canonical":"https:\/\/www.dimarco.it\/de\/die-produkte","og_locale":"de_DE","og_type":"article","og_title":"I Prodotti - Di Marco","og_description":"FARINE Per chi si concentra sui condimentie un servizio rapido ed efficace. Hai una pizzeria, una pinseria o un ristorante? Abbiamo la farina giusta per te! Hai un ristorante,una tavola calda o fai street food? Abbiamo la base Pinsa giusta per te! BASI Per chi si concentra sui condimentie un servizio rapido ed efficace.","og_url":"https:\/\/www.dimarco.it\/de\/die-produkte","og_site_name":"Di Marco","article_modified_time":"2025-04-09T16:31:22+00:00","og_image":[{"url":"https:\/\/dimarco.it\/wp-content\/uploads\/2024\/12\/dimarco-professional-v3.svg","type":"","width":"","height":""}],"twitter_card":"summary_large_image","twitter_misc":{"Gesch\u00e4tzte Lesezeit":"3\u00a0Minuten"},"schema":{"@context":"https:\/\/schema.org","@graph":[{"@type":"WebPage","@id":"https:\/\/www.dimarco.it\/i-prodotti","url":"https:\/\/www.dimarco.it\/i-prodotti","name":"Die Produkte - Di Marco","isPartOf":{"@id":"https:\/\/www.dimarco.it\/#website"},"primaryImageOfPage":{"@id":"https:\/\/www.dimarco.it\/i-prodotti#primaryimage"},"image":{"@id":"https:\/\/www.dimarco.it\/i-prodotti#primaryimage"},"thumbnailUrl":"https:\/\/dimarco.it\/wp-content\/uploads\/2024\/12\/dimarco-professional-v3.svg","datePublished":"2024-12-07T09:17:26+00:00","dateModified":"2025-04-09T16:31:22+00:00","breadcrumb":{"@id":"https:\/\/www.dimarco.it\/i-prodotti#breadcrumb"},"inLanguage":"de","potentialAction":[{"@type":"ReadAction","target":["https:\/\/www.dimarco.it\/i-prodotti"]}]},{"@type":"ImageObject","inLanguage":"de","@id":"https:\/\/www.dimarco.it\/i-prodotti#primaryimage","url":"https:\/\/dimarco.it\/wp-content\/uploads\/2024\/12\/dimarco-professional-v3.svg","contentUrl":"https:\/\/dimarco.it\/wp-content\/uploads\/2024\/12\/dimarco-professional-v3.svg"},{"@type":"BreadcrumbList","@id":"https:\/\/www.dimarco.it\/i-prodotti#breadcrumb","itemListElement":[{"@type":"ListItem","position":1,"name":"Home","item":"https:\/\/www.dimarco.it\/"},{"@type":"ListItem","position":2,"name":"I Prodotti"}]},{"@type":"WebSite","@id":"https:\/\/www.dimarco.it\/#website","url":"https:\/\/www.dimarco.it\/","name":"Di Marco","description":"","publisher":{"@id":"https:\/\/www.dimarco.it\/#organization"},"potentialAction":[{"@type":"SearchAction","target":{"@type":"EntryPoint","urlTemplate":"https:\/\/www.dimarco.it\/?s={search_term_string}"},"query-input":{"@type":"PropertyValueSpecification","valueRequired":true,"valueName":"search_term_string"}}],"inLanguage":"de"},{"@type":"Organization","@id":"https:\/\/www.dimarco.it\/#organization","name":"Di Marco","url":"https:\/\/www.dimarco.it\/","logo":{"@type":"ImageObject","inLanguage":"de","@id":"https:\/\/www.dimarco.it\/#\/schema\/logo\/image\/","url":"https:\/\/www.dimarco.it\/wp-content\/uploads\/2024\/11\/DI-MARCO_LOGO_Corporate-2024Positivo.svg","contentUrl":"https:\/\/www.dimarco.it\/wp-content\/uploads\/2024\/11\/DI-MARCO_LOGO_Corporate-2024Positivo.svg","width":338,"height":95,"caption":"Di Marco"},"image":{"@id":"https:\/\/www.dimarco.it\/#\/schema\/logo\/image\/"}}]}},"_links":{"self":[{"href":"https:\/\/www.dimarco.it\/de\/wp-json\/wp\/v2\/pages\/391","targetHints":{"allow":["GET"]}}],"collection":[{"href":"https:\/\/www.dimarco.it\/de\/wp-json\/wp\/v2\/pages"}],"about":[{"href":"https:\/\/www.dimarco.it\/de\/wp-json\/wp\/v2\/types\/page"}],"author":[{"embeddable":true,"href":"https:\/\/www.dimarco.it\/de\/wp-json\/wp\/v2\/users\/1"}],"replies":[{"embeddable":true,"href":"https:\/\/www.dimarco.it\/de\/wp-json\/wp\/v2\/comments?post=391"}],"version-history":[{"count":0,"href":"https:\/\/www.dimarco.it\/de\/wp-json\/wp\/v2\/pages\/391\/revisions"}],"wp:attachment":[{"href":"https:\/\/www.dimarco.it\/de\/wp-json\/wp\/v2\/media?parent=391"}],"curies":[{"name":"wp","href":"https:\/\/api.w.org\/{rel}","templated":true}]}}