{"id":3650,"date":"2026-01-10T12:14:13","date_gmt":"2026-01-10T11:14:13","guid":{"rendered":"https:\/\/www.dimarco.it\/?page_id=3650"},"modified":"2026-01-15T21:32:01","modified_gmt":"2026-01-15T20:32:01","slug":"le-livre","status":"publish","type":"page","link":"https:\/\/www.dimarco.it\/fr\/la-pinsa\/le-livre","title":{"rendered":"Le livre"},"content":{"rendered":"<div data-elementor-type=\"wp-page\" data-elementor-id=\"3650\" class=\"elementor elementor-3650\" data-elementor-post-type=\"page\">\n\t\t\t\t<div class=\"elementor-element elementor-element-d50f860 e-flex e-con-boxed e-con e-parent\" data-id=\"d50f860\" data-element_type=\"container\" data-e-type=\"container\" data-settings=\"{&quot;background_background&quot;:&quot;classic&quot;,&quot;jet_parallax_layout_list&quot;:[]}\">\n\t\t\t\t\t<div class=\"e-con-inner\">\n\t\t\t\t<div class=\"elementor-element elementor-element-0e69988 elementor-widget elementor-widget-image\" data-id=\"0e69988\" data-element_type=\"widget\" data-e-type=\"widget\" data-widget_type=\"image.default\">\n\t\t\t\t\t\t\t\t\t\t\t\t\t\t\t<img decoding=\"async\" width=\"100\" height=\"100\" src=\"https:\/\/www.dimarco.it\/wp-content\/uploads\/2024\/08\/dimarco-logo-24.svg\" class=\"attachment-large size-large wp-image-23\" alt=\"\" \/>\t\t\t\t\t\t\t\t\t\t\t\t\t\t\t<\/div>\n\t\t\t\t<div class=\"elementor-element elementor-element-5b997b0 elementor-widget elementor-widget-heading\" data-id=\"5b997b0\" data-element_type=\"widget\" data-e-type=\"widget\" data-widget_type=\"heading.default\">\n\t\t\t\t\t<h3 class=\"elementor-heading-title elementor-size-default\">L'invention du<br><span class=\"dimarco-giallo\">Pinsa romaine<\/span><\/h3>\t\t\t\t<\/div>\n\t\t\t\t<div class=\"elementor-element elementor-element-b0fdd3c elementor-widget elementor-widget-text-editor\" data-id=\"b0fdd3c\" data-element_type=\"widget\" data-e-type=\"widget\" data-widget_type=\"text-editor.default\">\n\t\t\t\t\t\t\t\t\t<p>L'intuition qui a chang\u00e9 l'histoire de la boulangerie <br \/>enfin racont\u00e9e dans un livre par son protagoniste.<\/p>\t\t\t\t\t\t\t\t<\/div>\n\t\t\t\t\t<\/div>\n\t\t\t\t<\/div>\n\t\t<div class=\"elementor-element elementor-element-efde8b2 e-flex e-con-boxed e-con e-parent\" data-id=\"efde8b2\" data-element_type=\"container\" data-e-type=\"container\" data-settings=\"{&quot;jet_parallax_layout_list&quot;:[]}\">\n\t\t\t\t\t<div class=\"e-con-inner\">\n\t\t\t\t<div class=\"elementor-element elementor-element-0f12375 elementor-widget elementor-widget-heading\" data-id=\"0f12375\" data-element_type=\"widget\" data-e-type=\"widget\" data-widget_type=\"heading.default\">\n\t\t\t\t\t<h2 class=\"elementor-heading-title elementor-size-default\"><span class=\"dimarco-blu\">Le livre<\/span><br><\/h2>\t\t\t\t<\/div>\n\t\t\t\t<div class=\"elementor-element elementor-element-ddf1072 elementor-widget elementor-widget-text-editor\" data-id=\"ddf1072\" data-element_type=\"widget\" data-e-type=\"widget\" data-widget_type=\"text-editor.default\">\n\t\t\t\t\t\t\t\t\t<p>Corrado Di Marco nous emm\u00e8ne par la main sur le chemin qui l'a conduit \u00e0 se transformer<br \/>d'une id\u00e9e \u00e0 une r\u00e9ussite entrepreneuriale internationale.<\/p><p>Un voyage \u00e9vocateur entre les nuages de farine impalpable et la chaleur du four \u00e0 bois, des journ\u00e9es d'\u00e9tude et d'exp\u00e9rimentation au milieu des souvenirs familiaux et la r\u00e9cup\u00e9ration d'anciennes m\u00e9thodes de fermentation, jusqu'\u00e0 la d\u00e9finition d'une p\u00e2te unique en termes de go\u00fbt, de l\u00e9g\u00e8ret\u00e9 et de digestibilit\u00e9.<\/p><p style=\"font-weight: 400;\">Celle de Di Marco est une histoire dans laquelle la passion et la technique se poursuivent et se confondent, pour r\u00e9aliser un r\u00eave qui va encore plus loin. Avec des mots simples et attachants, qui font sourire et qui \u00e9meuvent, Corrado r\u00e9v\u00e8le une histoire qui donne un go\u00fbt de vie aux maisons. Un livre \u00e0 savourer page apr\u00e8s page, une pinte \u00e0 la fois :<\/p><p style=\"font-weight: 400;\"><em>Au cours des cinquante derni\u00e8res ann\u00e9es, tel un tailleur, j'ai pris les mesures de mon travail et con\u00e7u des v\u00eatements pour chaque type de pizza, de la \"in teglia\" \u00e0 la \"tonda\", en passant par la \"pizza in pala\", pour arriver \u00e0 mon plus grand succ\u00e8s, la \"pinsa romana\", l'expression de mon r\u00eave et de celui de mon p\u00e8re. C'est \u00e0 lui que je d\u00e9die ce livre, le r\u00e9cit de mon histoire, ou plut\u00f4t de notre histoire\".<\/em><\/p>\t\t\t\t\t\t\t\t<\/div>\n\t\t\t\t\t<\/div>\n\t\t\t\t<\/div>\n\t\t<div class=\"elementor-element elementor-element-3bc3acf e-con-full elementor-hidden-mobile e-flex e-con e-parent\" data-id=\"3bc3acf\" data-element_type=\"container\" data-e-type=\"container\" data-settings=\"{&quot;jet_parallax_layout_list&quot;:[]}\">\n\t\t<div class=\"elementor-element elementor-element-3306098 e-con-full e-flex e-con e-child\" data-id=\"3306098\" data-element_type=\"container\" data-e-type=\"container\" data-settings=\"{&quot;jet_parallax_layout_list&quot;:[]}\">\n\t\t\t\t<\/div>\n\t\t<div class=\"elementor-element elementor-element-6b4eacc e-con-full e-flex e-con e-child\" data-id=\"6b4eacc\" data-element_type=\"container\" data-e-type=\"container\" data-settings=\"{&quot;jet_parallax_layout_list&quot;:[]}\">\n\t\t\t\t<div class=\"elementor-element elementor-element-ff9f174 animated-slow elementor-hidden-mobile e-transform elementor-invisible elementor-widget elementor-widget-image\" data-id=\"ff9f174\" data-element_type=\"widget\" data-e-type=\"widget\" data-settings=\"{&quot;_animation&quot;:&quot;fadeInRight&quot;,&quot;motion_fx_motion_fx_scrolling&quot;:&quot;yes&quot;,&quot;motion_fx_translateX_effect&quot;:&quot;yes&quot;,&quot;_transform_rotateZ_effect&quot;:{&quot;unit&quot;:&quot;px&quot;,&quot;size&quot;:7,&quot;sizes&quot;:[]},&quot;motion_fx_translateX_speed&quot;:{&quot;unit&quot;:&quot;px&quot;,&quot;size&quot;:4,&quot;sizes&quot;:[]},&quot;motion_fx_translateX_affectedRange&quot;:{&quot;unit&quot;:&quot;%&quot;,&quot;size&quot;:&quot;&quot;,&quot;sizes&quot;:{&quot;start&quot;:0,&quot;end&quot;:100}},&quot;motion_fx_devices&quot;:[&quot;desktop&quot;,&quot;tablet&quot;,&quot;mobile&quot;],&quot;_transform_rotateZ_effect_tablet&quot;:{&quot;unit&quot;:&quot;deg&quot;,&quot;size&quot;:&quot;&quot;,&quot;sizes&quot;:[]},&quot;_transform_rotateZ_effect_mobile&quot;:{&quot;unit&quot;:&quot;deg&quot;,&quot;size&quot;:&quot;&quot;,&quot;sizes&quot;:[]}}\" data-widget_type=\"image.default\">\n\t\t\t\t\t\t\t\t\t\t\t\t\t\t\t<img fetchpriority=\"high\" decoding=\"async\" width=\"400\" height=\"500\" src=\"https:\/\/www.dimarco.it\/wp-content\/uploads\/2025\/12\/libro_pinsa.png\" class=\"attachment-full size-full wp-image-3644\" alt=\"\" srcset=\"https:\/\/www.dimarco.it\/wp-content\/uploads\/2025\/12\/libro_pinsa.png 400w, https:\/\/www.dimarco.it\/wp-content\/uploads\/2025\/12\/libro_pinsa-240x300.png 240w, https:\/\/www.dimarco.it\/wp-content\/uploads\/2025\/12\/libro_pinsa-10x12.png 10w\" sizes=\"(max-width: 400px) 100vw, 400px\" \/>\t\t\t\t\t\t\t\t\t\t\t\t\t\t\t<\/div>\n\t\t\t\t<\/div>\n\t\t\t\t<\/div>\n\t\t<div class=\"elementor-element elementor-element-df8035b e-con-full e-flex e-con e-parent\" data-id=\"df8035b\" data-element_type=\"container\" data-e-type=\"container\" data-settings=\"{&quot;background_background&quot;:&quot;classic&quot;,&quot;jet_parallax_layout_list&quot;:[]}\">\n\t\t<div class=\"elementor-element elementor-element-b1b07ac e-con-full e-flex e-con e-child\" data-id=\"b1b07ac\" data-element_type=\"container\" data-e-type=\"container\" data-settings=\"{&quot;jet_parallax_layout_list&quot;:[]}\">\n\t\t<div class=\"elementor-element elementor-element-766e703 e-con-full e-flex e-con e-child\" data-id=\"766e703\" data-element_type=\"container\" data-e-type=\"container\" data-settings=\"{&quot;jet_parallax_layout_list&quot;:[]}\">\n\t\t\t\t<div class=\"elementor-element elementor-element-c33f440 elementor-widget elementor-widget-image\" data-id=\"c33f440\" data-element_type=\"widget\" data-e-type=\"widget\" data-widget_type=\"image.default\">\n\t\t\t\t\t\t\t\t\t\t\t\t\t\t\t<img decoding=\"async\" width=\"800\" height=\"534\" src=\"https:\/\/www.dimarco.it\/wp-content\/uploads\/2025\/12\/pinsa_libro_lancio01-1024x684.jpg\" class=\"attachment-large size-large wp-image-3646\" alt=\"\" srcset=\"https:\/\/www.dimarco.it\/wp-content\/uploads\/2025\/12\/pinsa_libro_lancio01-1024x684.jpg 1024w, https:\/\/www.dimarco.it\/wp-content\/uploads\/2025\/12\/pinsa_libro_lancio01-300x200.jpg 300w, https:\/\/www.dimarco.it\/wp-content\/uploads\/2025\/12\/pinsa_libro_lancio01-768x513.jpg 768w, https:\/\/www.dimarco.it\/wp-content\/uploads\/2025\/12\/pinsa_libro_lancio01-18x12.jpg 18w, https:\/\/www.dimarco.it\/wp-content\/uploads\/2025\/12\/pinsa_libro_lancio01.jpg 1280w\" sizes=\"(max-width: 800px) 100vw, 800px\" \/>\t\t\t\t\t\t\t\t\t\t\t\t\t\t\t<\/div>\n\t\t\t\t<\/div>\n\t\t<div class=\"elementor-element elementor-element-3f37cb1 e-con-full e-flex e-con e-child\" data-id=\"3f37cb1\" data-element_type=\"container\" data-e-type=\"container\" data-settings=\"{&quot;jet_parallax_layout_list&quot;:[]}\">\n\t\t\t\t<div class=\"elementor-element elementor-element-48d3456 elementor-widget elementor-widget-heading\" data-id=\"48d3456\" data-element_type=\"widget\" data-e-type=\"widget\" data-widget_type=\"heading.default\">\n\t\t\t\t\t<h2 class=\"elementor-heading-title elementor-size-default\"><span class=\"dimarco-bianco\">Un itin\u00e9raire \u00e0 savourer, <\/span><span class=\"dimarco-giallo\"> avec tous les sens !<\/span><\/h2>\t\t\t\t<\/div>\n\t\t\t\t<div class=\"elementor-element elementor-element-a8112bb elementor-widget elementor-widget-text-editor\" data-id=\"a8112bb\" data-element_type=\"widget\" data-e-type=\"widget\" data-widget_type=\"text-editor.default\">\n\t\t\t\t\t\t\t\t\t<p>Le fondateur de l'entreprise qui a cr\u00e9\u00e9 un nouveau march\u00e9 dans le monde de la pizza parle de lui-m\u00eame et, avec l'apport de recettes sign\u00e9es par de grands chefs, d\u00e9montre que sa Pinsa Romana peut aussi \u00eatre une base cr\u00e9ative pour la haute cuisine.<\/p>\t\t\t\t\t\t\t\t<\/div>\n\t\t\t\t<\/div>\n\t\t\t\t<\/div>\n\t\t<div class=\"elementor-element elementor-element-918436e e-con-full e-flex e-con e-child\" data-id=\"918436e\" data-element_type=\"container\" data-e-type=\"container\" data-settings=\"{&quot;jet_parallax_layout_list&quot;:[]}\">\n\t\t<div class=\"elementor-element elementor-element-d03b9dd e-con-full e-flex e-con e-child\" data-id=\"d03b9dd\" data-element_type=\"container\" data-e-type=\"container\" data-settings=\"{&quot;jet_parallax_layout_list&quot;:[]}\">\n\t\t\t\t<div class=\"elementor-element elementor-element-3d4b7af elementor-widget elementor-widget-heading\" data-id=\"3d4b7af\" data-element_type=\"widget\" data-e-type=\"widget\" data-widget_type=\"heading.default\">\n\t\t\t\t\t<h2 class=\"elementor-heading-title elementor-size-default\">Acheter <span class=\"dimarco-giallo\">le livre<\/span><\/h2>\t\t\t\t<\/div>\n\t\t\t\t<div class=\"elementor-element elementor-element-6ff4f05 elementor-widget elementor-widget-image\" data-id=\"6ff4f05\" data-element_type=\"widget\" data-e-type=\"widget\" data-widget_type=\"image.default\">\n\t\t\t\t\t\t\t\t\t\t\t\t\t\t\t<img loading=\"lazy\" decoding=\"async\" width=\"400\" height=\"500\" src=\"https:\/\/www.dimarco.it\/wp-content\/uploads\/2025\/12\/libro_pinsa.png\" class=\"attachment-large size-large wp-image-3644\" alt=\"\" srcset=\"https:\/\/www.dimarco.it\/wp-content\/uploads\/2025\/12\/libro_pinsa.png 400w, https:\/\/www.dimarco.it\/wp-content\/uploads\/2025\/12\/libro_pinsa-240x300.png 240w, https:\/\/www.dimarco.it\/wp-content\/uploads\/2025\/12\/libro_pinsa-10x12.png 10w\" sizes=\"(max-width: 400px) 100vw, 400px\" \/>\t\t\t\t\t\t\t\t\t\t\t\t\t\t\t<\/div>\n\t\t<div class=\"elementor-element elementor-element-7f00331 e-con-full e-flex e-con e-child\" data-id=\"7f00331\" data-element_type=\"container\" data-e-type=\"container\" data-settings=\"{&quot;jet_parallax_layout_list&quot;:[]}\">\n\t\t<div class=\"elementor-element elementor-element-6d6a461 e-con-full e-flex e-con e-child\" data-id=\"6d6a461\" data-element_type=\"container\" data-e-type=\"container\" data-settings=\"{&quot;jet_parallax_layout_list&quot;:[]}\">\n\t\t\t\t<div class=\"elementor-element elementor-element-5ae3c5f elementor-widget elementor-widget-image\" data-id=\"5ae3c5f\" data-element_type=\"widget\" data-e-type=\"widget\" data-widget_type=\"image.default\">\n\t\t\t\t\t\t\t\t\t\t\t\t\t\t\t\t<a href=\"https:\/\/www.lafeltrinelli.it\/invenzione-della-pinsa-romana-libro-corrado-di-marco\/e\/9788891844668\" target=\"_blank\">\n\t\t\t\t\t\t\t<img loading=\"lazy\" decoding=\"async\" width=\"300\" height=\"150\" src=\"https:\/\/www.dimarco.it\/wp-content\/uploads\/2026\/01\/logo-feltrinelli.jpg\" class=\"attachment-full size-full wp-image-3661\" alt=\"\" srcset=\"https:\/\/www.dimarco.it\/wp-content\/uploads\/2026\/01\/logo-feltrinelli.jpg 300w, https:\/\/www.dimarco.it\/wp-content\/uploads\/2026\/01\/logo-feltrinelli-18x9.jpg 18w\" sizes=\"(max-width: 300px) 100vw, 300px\" \/>\t\t\t\t\t\t\t\t<\/a>\n\t\t\t\t\t\t\t\t\t\t\t\t\t\t\t<\/div>\n\t\t\t\t<\/div>\n\t\t<div class=\"elementor-element elementor-element-64767ec e-con-full e-flex e-con e-child\" data-id=\"64767ec\" data-element_type=\"container\" data-e-type=\"container\" data-settings=\"{&quot;jet_parallax_layout_list&quot;:[]}\">\n\t\t\t\t<div class=\"elementor-element elementor-element-a8cf1a2 elementor-widget elementor-widget-image\" data-id=\"a8cf1a2\" data-element_type=\"widget\" data-e-type=\"widget\" data-widget_type=\"image.default\">\n\t\t\t\t\t\t\t\t\t\t\t\t\t\t\t\t<a href=\"https:\/\/www.amazon.it\/dp\/8891844667?ref=cm_sw_r_ffobk_cp_ud_dp_W4H77HQKKEHPTJQA6F3R&#038;ref_=cm_sw_r_ffobk_cp_ud_dp_W4H77HQKKEHPTJQA6F3R&#038;social_share=cm_sw_r_ffobk_cp_ud_dp_W4H77HQKKEHPTJQA6F3R&#038;bestFormat=true\" target=\"_blank\">\n\t\t\t\t\t\t\t<img loading=\"lazy\" decoding=\"async\" width=\"300\" height=\"150\" src=\"https:\/\/www.dimarco.it\/wp-content\/uploads\/2026\/01\/logo-amazon.jpg\" class=\"attachment-full size-full wp-image-3660\" alt=\"\" srcset=\"https:\/\/www.dimarco.it\/wp-content\/uploads\/2026\/01\/logo-amazon.jpg 300w, https:\/\/www.dimarco.it\/wp-content\/uploads\/2026\/01\/logo-amazon-18x9.jpg 18w\" sizes=\"(max-width: 300px) 100vw, 300px\" \/>\t\t\t\t\t\t\t\t<\/a>\n\t\t\t\t\t\t\t\t\t\t\t\t\t\t\t<\/div>\n\t\t\t\t<\/div>\n\t\t\t\t<\/div>\n\t\t<div class=\"elementor-element elementor-element-ae9dfdf e-con-full e-flex e-con e-child\" data-id=\"ae9dfdf\" data-element_type=\"container\" data-e-type=\"container\" data-settings=\"{&quot;jet_parallax_layout_list&quot;:[]}\">\n\t\t<div class=\"elementor-element elementor-element-1b2f13e e-con-full e-flex e-con e-child\" data-id=\"1b2f13e\" data-element_type=\"container\" data-e-type=\"container\" data-settings=\"{&quot;jet_parallax_layout_list&quot;:[]}\">\n\t\t\t\t<div class=\"elementor-element elementor-element-959df78 elementor-view-default elementor-widget elementor-widget-icon\" data-id=\"959df78\" data-element_type=\"widget\" data-e-type=\"widget\" data-widget_type=\"icon.default\">\n\t\t\t\t\t\t\t<div class=\"elementor-icon-wrapper\">\n\t\t\t<a class=\"elementor-icon\" href=\"https:\/\/www.dimarco.it\/fr\/pilules-audio\">\n\t\t\t<svg aria-hidden=\"true\" class=\"e-font-icon-svg e-fas-microphone\" viewbox=\"0 0 352 512\" xmlns=\"http:\/\/www.w3.org\/2000\/svg\"><path d=\"M176 352c53.02 0 96-42.98 96-96V96c0-53.02-42.98-96-96-96S80 42.98 80 96v160c0 53.02 42.98 96 96 96zm160-160h-16c-8.84 0-16 7.16-16 16v48c0 74.8-64.49 134.82-140.79 127.38C96.71 376.89 48 317.11 48 250.3V208c0-8.84-7.16-16-16-16H16c-8.84 0-16 7.16-16 16v40.16c0 89.64 63.97 169.55 152 181.69V464H96c-8.84 0-16 7.16-16 16v16c0 8.84 7.16 16 16 16h160c8.84 0 16-7.16 16-16v-16c0-8.84-7.16-16-16-16h-56v-33.77C285.71 418.47 352 344.9 352 256v-48c0-8.84-7.16-16-16-16z\"><\/path><\/svg>\t\t\t<\/a>\n\t\t<\/div>\n\t\t\t\t\t\t<\/div>\n\t\t\t\t<\/div>\n\t\t<div class=\"elementor-element elementor-element-85a8e88 e-con-full e-flex e-con e-child\" data-id=\"85a8e88\" data-element_type=\"container\" data-e-type=\"container\" data-settings=\"{&quot;jet_parallax_layout_list&quot;:[]}\">\n\t\t\t\t<div class=\"elementor-element elementor-element-c9169d2 elementor-widget elementor-widget-heading\" data-id=\"c9169d2\" data-element_type=\"widget\" data-e-type=\"widget\" data-widget_type=\"heading.default\">\n\t\t\t\t\t<h2 class=\"elementor-heading-title elementor-size-default\"><span class=\"dimarco-bianco\">D\u00e9couvrez directement les histoires de la pinsa croustillante<\/span><span class=\"dimarco-giallo\"> par la voix de Corrado Di Marco<\/span><\/h2>\t\t\t\t<\/div>\n\t\t\t\t<div class=\"elementor-element elementor-element-8cdcf2f elementor-align-left elementor-mobile-align-center elementor-widget elementor-widget-button\" data-id=\"8cdcf2f\" data-element_type=\"widget\" data-e-type=\"widget\" data-widget_type=\"button.default\">\n\t\t\t\t\t\t\t\t\t\t<a class=\"elementor-button elementor-button-link elementor-size-sm\" href=\"https:\/\/www.dimarco.it\/fr\/pilules-audio\" target=\"_blank\">\n\t\t\t\t\t\t<span class=\"elementor-button-content-wrapper\">\n\t\t\t\t\t\t\t\t\t<span class=\"elementor-button-text\">\u00c9COUTER<\/span>\n\t\t\t\t\t<\/span>\n\t\t\t\t\t<\/a>\n\t\t\t\t\t\t\t\t<\/div>\n\t\t\t\t<\/div>\n\t\t\t\t<\/div>\n\t\t\t\t<\/div>\n\t\t\t\t<\/div>\n\t\t\t\t<\/div>\n\t\t\t\t<\/div>","protected":false},"excerpt":{"rendered":"<p>L&#8217;invenzione dellaPinsa Romana L\u2019intuizione che ha cambiato la storia della panificazione finalmente raccontata in un libro dal suo protagonista. Il Libro Corrado Di Marco ci conduce per mano lungo il percorso che lo ha portato a trasformareun\u2019idea in un successo imprenditoriale internazionale. Un viaggio suggestivo tra nuvole di farina impalpabile e il calore del forno [&hellip;]<\/p>","protected":false},"author":1,"featured_media":0,"parent":719,"menu_order":0,"comment_status":"closed","ping_status":"closed","template":"","meta":{"footnotes":""},"class_list":["post-3650","page","type-page","status-publish","hentry"],"yoast_head":"<!-- This site is optimized with the Yoast SEO plugin v26.8 - https:\/\/yoast.com\/product\/yoast-seo-wordpress\/ -->\n<title>Il Libro - Di Marco<\/title>\n<meta name=\"robots\" content=\"index, follow, max-snippet:-1, max-image-preview:large, max-video-preview:-1\" \/>\n<link rel=\"canonical\" href=\"https:\/\/www.dimarco.it\/fr\/la-pinsa\/le-livre\" \/>\n<meta property=\"og:locale\" content=\"fr_FR\" \/>\n<meta property=\"og:type\" content=\"article\" \/>\n<meta property=\"og:title\" content=\"Il Libro - Di Marco\" \/>\n<meta property=\"og:description\" content=\"L&#8217;invenzione dellaPinsa Romana L\u2019intuizione che ha cambiato la storia della panificazione finalmente raccontata in un libro dal suo protagonista. Il Libro Corrado Di Marco ci conduce per mano lungo il percorso che lo ha portato a trasformareun\u2019idea in un successo imprenditoriale internazionale. Un viaggio suggestivo tra nuvole di farina impalpabile e il calore del forno [&hellip;]\" \/>\n<meta property=\"og:url\" content=\"https:\/\/www.dimarco.it\/fr\/la-pinsa\/le-livre\" \/>\n<meta property=\"og:site_name\" content=\"Di Marco\" \/>\n<meta property=\"article:modified_time\" content=\"2026-01-15T20:32:01+00:00\" \/>\n<meta name=\"twitter:card\" content=\"summary_large_image\" \/>\n<meta name=\"twitter:label1\" content=\"Dur\u00e9e de lecture estim\u00e9e\" \/>\n\t<meta name=\"twitter:data1\" content=\"2 minutes\" \/>\n<script type=\"application\/ld+json\" class=\"yoast-schema-graph\">{\"@context\":\"https:\/\/schema.org\",\"@graph\":[{\"@type\":\"WebPage\",\"@id\":\"https:\/\/www.dimarco.it\/la-pinsa\/il-libro\",\"url\":\"https:\/\/www.dimarco.it\/la-pinsa\/il-libro\",\"name\":\"Il Libro - Di Marco\",\"isPartOf\":{\"@id\":\"https:\/\/www.dimarco.it\/#website\"},\"primaryImageOfPage\":{\"@id\":\"https:\/\/www.dimarco.it\/la-pinsa\/il-libro#primaryimage\"},\"image\":{\"@id\":\"https:\/\/www.dimarco.it\/la-pinsa\/il-libro#primaryimage\"},\"thumbnailUrl\":\"https:\/\/www.dimarco.it\/wp-content\/uploads\/2024\/08\/dimarco-logo-24.svg\",\"datePublished\":\"2026-01-10T11:14:13+00:00\",\"dateModified\":\"2026-01-15T20:32:01+00:00\",\"breadcrumb\":{\"@id\":\"https:\/\/www.dimarco.it\/la-pinsa\/il-libro#breadcrumb\"},\"inLanguage\":\"fr-FR\",\"potentialAction\":[{\"@type\":\"ReadAction\",\"target\":[\"https:\/\/www.dimarco.it\/la-pinsa\/il-libro\"]}]},{\"@type\":\"ImageObject\",\"inLanguage\":\"fr-FR\",\"@id\":\"https:\/\/www.dimarco.it\/la-pinsa\/il-libro#primaryimage\",\"url\":\"https:\/\/www.dimarco.it\/wp-content\/uploads\/2024\/08\/dimarco-logo-24.svg\",\"contentUrl\":\"https:\/\/www.dimarco.it\/wp-content\/uploads\/2024\/08\/dimarco-logo-24.svg\"},{\"@type\":\"BreadcrumbList\",\"@id\":\"https:\/\/www.dimarco.it\/la-pinsa\/il-libro#breadcrumb\",\"itemListElement\":[{\"@type\":\"ListItem\",\"position\":1,\"name\":\"Home\",\"item\":\"https:\/\/www.dimarco.it\/\"},{\"@type\":\"ListItem\",\"position\":2,\"name\":\"La Pinsa\",\"item\":\"https:\/\/www.dimarco.it\/la-pinsa\"},{\"@type\":\"ListItem\",\"position\":3,\"name\":\"Il Libro\"}]},{\"@type\":\"WebSite\",\"@id\":\"https:\/\/www.dimarco.it\/#website\",\"url\":\"https:\/\/www.dimarco.it\/\",\"name\":\"Di Marco\",\"description\":\"\",\"publisher\":{\"@id\":\"https:\/\/www.dimarco.it\/#organization\"},\"potentialAction\":[{\"@type\":\"SearchAction\",\"target\":{\"@type\":\"EntryPoint\",\"urlTemplate\":\"https:\/\/www.dimarco.it\/?s={search_term_string}\"},\"query-input\":{\"@type\":\"PropertyValueSpecification\",\"valueRequired\":true,\"valueName\":\"search_term_string\"}}],\"inLanguage\":\"fr-FR\"},{\"@type\":\"Organization\",\"@id\":\"https:\/\/www.dimarco.it\/#organization\",\"name\":\"Di Marco\",\"url\":\"https:\/\/www.dimarco.it\/\",\"logo\":{\"@type\":\"ImageObject\",\"inLanguage\":\"fr-FR\",\"@id\":\"https:\/\/www.dimarco.it\/#\/schema\/logo\/image\/\",\"url\":\"https:\/\/www.dimarco.it\/wp-content\/uploads\/2024\/11\/DI-MARCO_LOGO_Corporate-2024Positivo.svg\",\"contentUrl\":\"https:\/\/www.dimarco.it\/wp-content\/uploads\/2024\/11\/DI-MARCO_LOGO_Corporate-2024Positivo.svg\",\"width\":338,\"height\":95,\"caption\":\"Di Marco\"},\"image\":{\"@id\":\"https:\/\/www.dimarco.it\/#\/schema\/logo\/image\/\"}}]}<\/script>\n<!-- \/ Yoast SEO plugin. -->","yoast_head_json":{"title":"Le livre - Di Marco","robots":{"index":"index","follow":"follow","max-snippet":"max-snippet:-1","max-image-preview":"max-image-preview:large","max-video-preview":"max-video-preview:-1"},"canonical":"https:\/\/www.dimarco.it\/fr\/la-pinsa\/le-livre","og_locale":"fr_FR","og_type":"article","og_title":"Il Libro - Di Marco","og_description":"L&#8217;invenzione dellaPinsa Romana L\u2019intuizione che ha cambiato la storia della panificazione finalmente raccontata in un libro dal suo protagonista. Il Libro Corrado Di Marco ci conduce per mano lungo il percorso che lo ha portato a trasformareun\u2019idea in un successo imprenditoriale internazionale. Un viaggio suggestivo tra nuvole di farina impalpabile e il calore del forno [&hellip;]","og_url":"https:\/\/www.dimarco.it\/fr\/la-pinsa\/le-livre","og_site_name":"Di Marco","article_modified_time":"2026-01-15T20:32:01+00:00","twitter_card":"summary_large_image","twitter_misc":{"Dur\u00e9e de lecture estim\u00e9e":"2 minutes"},"schema":{"@context":"https:\/\/schema.org","@graph":[{"@type":"WebPage","@id":"https:\/\/www.dimarco.it\/la-pinsa\/il-libro","url":"https:\/\/www.dimarco.it\/la-pinsa\/il-libro","name":"Le livre - Di Marco","isPartOf":{"@id":"https:\/\/www.dimarco.it\/#website"},"primaryImageOfPage":{"@id":"https:\/\/www.dimarco.it\/la-pinsa\/il-libro#primaryimage"},"image":{"@id":"https:\/\/www.dimarco.it\/la-pinsa\/il-libro#primaryimage"},"thumbnailUrl":"https:\/\/www.dimarco.it\/wp-content\/uploads\/2024\/08\/dimarco-logo-24.svg","datePublished":"2026-01-10T11:14:13+00:00","dateModified":"2026-01-15T20:32:01+00:00","breadcrumb":{"@id":"https:\/\/www.dimarco.it\/la-pinsa\/il-libro#breadcrumb"},"inLanguage":"fr-FR","potentialAction":[{"@type":"ReadAction","target":["https:\/\/www.dimarco.it\/la-pinsa\/il-libro"]}]},{"@type":"ImageObject","inLanguage":"fr-FR","@id":"https:\/\/www.dimarco.it\/la-pinsa\/il-libro#primaryimage","url":"https:\/\/www.dimarco.it\/wp-content\/uploads\/2024\/08\/dimarco-logo-24.svg","contentUrl":"https:\/\/www.dimarco.it\/wp-content\/uploads\/2024\/08\/dimarco-logo-24.svg"},{"@type":"BreadcrumbList","@id":"https:\/\/www.dimarco.it\/la-pinsa\/il-libro#breadcrumb","itemListElement":[{"@type":"ListItem","position":1,"name":"Home","item":"https:\/\/www.dimarco.it\/"},{"@type":"ListItem","position":2,"name":"La Pinsa","item":"https:\/\/www.dimarco.it\/la-pinsa"},{"@type":"ListItem","position":3,"name":"Il Libro"}]},{"@type":"WebSite","@id":"https:\/\/www.dimarco.it\/#website","url":"https:\/\/www.dimarco.it\/","name":"Di Marco","description":"","publisher":{"@id":"https:\/\/www.dimarco.it\/#organization"},"potentialAction":[{"@type":"SearchAction","target":{"@type":"EntryPoint","urlTemplate":"https:\/\/www.dimarco.it\/?s={search_term_string}"},"query-input":{"@type":"PropertyValueSpecification","valueRequired":true,"valueName":"search_term_string"}}],"inLanguage":"fr-FR"},{"@type":"Organization","@id":"https:\/\/www.dimarco.it\/#organization","name":"Di Marco","url":"https:\/\/www.dimarco.it\/","logo":{"@type":"ImageObject","inLanguage":"fr-FR","@id":"https:\/\/www.dimarco.it\/#\/schema\/logo\/image\/","url":"https:\/\/www.dimarco.it\/wp-content\/uploads\/2024\/11\/DI-MARCO_LOGO_Corporate-2024Positivo.svg","contentUrl":"https:\/\/www.dimarco.it\/wp-content\/uploads\/2024\/11\/DI-MARCO_LOGO_Corporate-2024Positivo.svg","width":338,"height":95,"caption":"Di Marco"},"image":{"@id":"https:\/\/www.dimarco.it\/#\/schema\/logo\/image\/"}}]}},"_links":{"self":[{"href":"https:\/\/www.dimarco.it\/fr\/wp-json\/wp\/v2\/pages\/3650","targetHints":{"allow":["GET"]}}],"collection":[{"href":"https:\/\/www.dimarco.it\/fr\/wp-json\/wp\/v2\/pages"}],"about":[{"href":"https:\/\/www.dimarco.it\/fr\/wp-json\/wp\/v2\/types\/page"}],"author":[{"embeddable":true,"href":"https:\/\/www.dimarco.it\/fr\/wp-json\/wp\/v2\/users\/1"}],"replies":[{"embeddable":true,"href":"https:\/\/www.dimarco.it\/fr\/wp-json\/wp\/v2\/comments?post=3650"}],"version-history":[{"count":31,"href":"https:\/\/www.dimarco.it\/fr\/wp-json\/wp\/v2\/pages\/3650\/revisions"}],"predecessor-version":[{"id":3690,"href":"https:\/\/www.dimarco.it\/fr\/wp-json\/wp\/v2\/pages\/3650\/revisions\/3690"}],"up":[{"embeddable":true,"href":"https:\/\/www.dimarco.it\/fr\/wp-json\/wp\/v2\/pages\/719"}],"wp:attachment":[{"href":"https:\/\/www.dimarco.it\/fr\/wp-json\/wp\/v2\/media?parent=3650"}],"curies":[{"name":"wp","href":"https:\/\/api.w.org\/{rel}","templated":true}]}}